{"id":8,"date":"2022-08-08T11:46:32","date_gmt":"2022-08-08T11:46:32","guid":{"rendered":"https:\/\/www.pinosinvest.ch\/?page_id=8"},"modified":"2022-08-10T08:39:19","modified_gmt":"2022-08-10T08:39:19","slug":"pinos-invest-ag","status":"publish","type":"page","link":"https:\/\/www.pinosinvest.ch\/","title":{"rendered":"Pinos Invest AG"},"content":{"rendered":"\t\t<div data-elementor-type=\"wp-page\" data-elementor-id=\"8\" class=\"elementor elementor-8\" data-elementor-post-type=\"page\">\n\t\t\t\t\t\t<section class=\"elementor-section elementor-top-section elementor-element elementor-element-f517f56 elementor-section-height-full elementor-section-boxed elementor-section-height-default elementor-section-items-middle\" data-id=\"f517f56\" data-element_type=\"section\" data-e-type=\"section\" data-settings=\"{&quot;background_background&quot;:&quot;classic&quot;}\">\n\t\t\t\t\t\t<div class=\"elementor-container elementor-column-gap-no\">\n\t\t\t\t\t<div class=\"elementor-column elementor-col-100 elementor-top-column elementor-element elementor-element-8efe775\" data-id=\"8efe775\" data-element_type=\"column\" data-e-type=\"column\">\n\t\t\t<div class=\"elementor-widget-wrap elementor-element-populated\">\n\t\t\t\t\t\t<section class=\"elementor-section elementor-inner-section elementor-element elementor-element-70615aa elementor-section-boxed elementor-section-height-default elementor-section-height-default\" data-id=\"70615aa\" data-element_type=\"section\" data-e-type=\"section\" data-settings=\"{&quot;background_background&quot;:&quot;classic&quot;}\">\n\t\t\t\t\t\t<div class=\"elementor-container elementor-column-gap-default\">\n\t\t\t\t\t<div class=\"elementor-column elementor-col-100 elementor-inner-column elementor-element elementor-element-e27b0a9\" data-id=\"e27b0a9\" data-element_type=\"column\" data-e-type=\"column\">\n\t\t\t<div class=\"elementor-widget-wrap elementor-element-populated\">\n\t\t\t\t\t\t<div class=\"elementor-element elementor-element-68d5d2b elementor-widget elementor-widget-image\" data-id=\"68d5d2b\" data-element_type=\"widget\" data-e-type=\"widget\" data-widget_type=\"image.default\">\n\t\t\t\t<div class=\"elementor-widget-container\">\n\t\t\t\t\t\t\t\t\t\t\t\t\t\t\t<img fetchpriority=\"high\" decoding=\"async\" width=\"800\" height=\"1024\" src=\"https:\/\/www.pinosinvest.ch\/wp-content\/uploads\/2022\/08\/pinos-invest-logo-p-800x1024.png\" class=\"attachment-large size-large wp-image-52\" alt=\"\" srcset=\"https:\/\/www.pinosinvest.ch\/wp-content\/uploads\/2022\/08\/pinos-invest-logo-p-800x1024.png 800w, https:\/\/www.pinosinvest.ch\/wp-content\/uploads\/2022\/08\/pinos-invest-logo-p-234x300.png 234w, https:\/\/www.pinosinvest.ch\/wp-content\/uploads\/2022\/08\/pinos-invest-logo-p-768x984.png 768w, https:\/\/www.pinosinvest.ch\/wp-content\/uploads\/2022\/08\/pinos-invest-logo-p.png 1026w\" sizes=\"(max-width: 800px) 100vw, 800px\" \/>\t\t\t\t\t\t\t\t\t\t\t\t\t\t\t<\/div>\n\t\t\t\t<\/div>\n\t\t\t\t<div class=\"elementor-element elementor-element-7d4e685 elementor-widget elementor-widget-image\" data-id=\"7d4e685\" data-element_type=\"widget\" data-e-type=\"widget\" data-widget_type=\"image.default\">\n\t\t\t\t<div class=\"elementor-widget-container\">\n\t\t\t\t\t\t\t\t\t\t\t\t\t\t\t<img decoding=\"async\" width=\"800\" height=\"109\" src=\"https:\/\/www.pinosinvest.ch\/wp-content\/uploads\/2022\/08\/pinos-invest-logo-1024x139.png\" class=\"attachment-large size-large wp-image-53\" alt=\"\" srcset=\"https:\/\/www.pinosinvest.ch\/wp-content\/uploads\/2022\/08\/pinos-invest-logo-1024x139.png 1024w, https:\/\/www.pinosinvest.ch\/wp-content\/uploads\/2022\/08\/pinos-invest-logo-300x41.png 300w, https:\/\/www.pinosinvest.ch\/wp-content\/uploads\/2022\/08\/pinos-invest-logo-768x104.png 768w, https:\/\/www.pinosinvest.ch\/wp-content\/uploads\/2022\/08\/pinos-invest-logo.png 1506w\" sizes=\"(max-width: 800px) 100vw, 800px\" \/>\t\t\t\t\t\t\t\t\t\t\t\t\t\t\t<\/div>\n\t\t\t\t<\/div>\n\t\t\t\t<div class=\"elementor-element elementor-element-a12c5f6 elementor-widget elementor-widget-text-editor\" data-id=\"a12c5f6\" data-element_type=\"widget\" data-e-type=\"widget\" data-widget_type=\"text-editor.default\">\n\t\t\t\t<div class=\"elementor-widget-container\">\n\t\t\t\t\t\t\t\t\tDie Investmentgesellschaft Pinos Invest AG mit Sitz in Zug erbringt Beratungs- und Vermittlungsdienstleistungen im Bereich Beteiligungen an Gesellschaften im eigenen Namen oder im Auftrag Dritter sowie bei der Errichtung von Zweigniederlassungen und Tochtergesellschaften. Der Erwerb, die Belastung, Ver\u00e4usserung und Verwaltung von Grundeigentum im In- und Ausland ist ebenfalls Teil des Dienstleistungsangebots. Auch bei der Beratung und Unterst\u00fctzung f\u00fcr Finanzierungen und die Vergabe von Garantien und B\u00fcrgschaften f\u00fcr Tochtergesellschaften k\u00f6nnen Sie sich auf unsere Expertise verlassen.\t\t\t\t\t\t\t\t<\/div>\n\t\t\t\t<\/div>\n\t\t\t\t<div class=\"elementor-element elementor-element-a761386 elementor-view-default elementor-widget elementor-widget-icon\" data-id=\"a761386\" data-element_type=\"widget\" data-e-type=\"widget\" data-widget_type=\"icon.default\">\n\t\t\t\t<div class=\"elementor-widget-container\">\n\t\t\t\t\t\t\t<div class=\"elementor-icon-wrapper\">\n\t\t\t<div class=\"elementor-icon\">\n\t\t\t<i aria-hidden=\"true\" class=\"fas fa-map-marker\"><\/i>\t\t\t<\/div>\n\t\t<\/div>\n\t\t\t\t\t\t<\/div>\n\t\t\t\t<\/div>\n\t\t\t\t<div class=\"elementor-element elementor-element-d4a40c6 elementor-widget elementor-widget-text-editor\" data-id=\"d4a40c6\" data-element_type=\"widget\" data-e-type=\"widget\" data-widget_type=\"text-editor.default\">\n\t\t\t\t<div class=\"elementor-widget-container\">\n\t\t\t\t\t\t\t\t\t<strong>Pinos Invest AG<br>\n<\/strong>Gubelstrasse 12, 6300 Zug\t\t\t\t\t\t\t\t<\/div>\n\t\t\t\t<\/div>\n\t\t\t\t<div class=\"elementor-element elementor-element-27fe64b elementor-align-center elementor-widget elementor-widget-button\" data-id=\"27fe64b\" data-element_type=\"widget\" data-e-type=\"widget\" data-widget_type=\"button.default\">\n\t\t\t\t<div class=\"elementor-widget-container\">\n\t\t\t\t\t\t\t\t\t<div class=\"elementor-button-wrapper\">\n\t\t\t\t\t<a class=\"elementor-button elementor-button-link elementor-size-sm elementor-animation-grow\" href=\"mailto:info@pinosinvest.ch\">\n\t\t\t\t\t\t<span class=\"elementor-button-content-wrapper\">\n\t\t\t\t\t\t<span class=\"elementor-button-icon\">\n\t\t\t\t<i aria-hidden=\"true\" class=\"far fa-envelope\"><\/i>\t\t\t<\/span>\n\t\t\t\t\t\t\t\t\t<span class=\"elementor-button-text\">Kontakt<\/span>\n\t\t\t\t\t<\/span>\n\t\t\t\t\t<\/a>\n\t\t\t\t<\/div>\n\t\t\t\t\t\t\t\t<\/div>\n\t\t\t\t<\/div>\n\t\t\t\t\t<\/div>\n\t\t<\/div>\n\t\t\t\t\t<\/div>\n\t\t<\/section>\n\t\t\t\t<div class=\"elementor-element elementor-element-d19fd57 elementor-widget elementor-widget-google_maps\" data-id=\"d19fd57\" data-element_type=\"widget\" data-e-type=\"widget\" data-widget_type=\"google_maps.default\">\n\t\t\t\t<div class=\"elementor-widget-container\">\n\t\t\t\t\t\t\t<div class=\"elementor-custom-embed\">\n\t\t\t<iframe loading=\"lazy\"\n\t\t\t\t\tsrc=\"https:\/\/maps.google.com\/maps?q=Gubelstrasse%2012%2C%206300%20Zug&#038;t=m&#038;z=14&#038;output=embed&#038;iwloc=near\"\n\t\t\t\t\ttitle=\"Gubelstrasse 12, 6300 Zug\"\n\t\t\t\t\taria-label=\"Gubelstrasse 12, 6300 Zug\"\n\t\t\t><\/iframe>\n\t\t<\/div>\n\t\t\t\t\t\t<\/div>\n\t\t\t\t<\/div>\n\t\t\t\t<div class=\"elementor-element elementor-element-1857f4f elementor-widget elementor-widget-text-editor\" data-id=\"1857f4f\" data-element_type=\"widget\" data-e-type=\"widget\" data-widget_type=\"text-editor.default\">\n\t\t\t\t<div class=\"elementor-widget-container\">\n\t\t\t\t\t\t\t\t\tCopyright 2022 \u00a9 Pinos Invest AG\t\t\t\t\t\t\t\t<\/div>\n\t\t\t\t<\/div>\n\t\t\t\t\t<\/div>\n\t\t<\/div>\n\t\t\t\t\t<\/div>\n\t\t<\/section>\n\t\t\t\t<\/div>\n\t\t","protected":false},"excerpt":{"rendered":"<p>Die Investmentgesellschaft Pinos Invest AG mit Sitz in Zug erbringt Beratungs- und Vermittlungsdienstleistungen im Bereich Beteiligungen an Gesellschaften im eigenen Namen oder im Auftrag Dritter sowie bei der Errichtung von Zweigniederlassungen und Tochtergesellschaften. Der Erwerb, die Belastung, Ver\u00e4usserung und Verwaltung von Grundeigentum im In- und Ausland ist ebenfalls Teil des Dienstleistungsangebots. Auch bei der Beratung [&hellip;]<\/p>\n","protected":false},"author":1,"featured_media":0,"parent":0,"menu_order":0,"comment_status":"closed","ping_status":"closed","template":"elementor_canvas","meta":{"footnotes":""},"class_list":["post-8","page","type-page","status-publish","hentry"],"_links":{"self":[{"href":"https:\/\/www.pinosinvest.ch\/index.php?rest_route=\/wp\/v2\/pages\/8","targetHints":{"allow":["GET"]}}],"collection":[{"href":"https:\/\/www.pinosinvest.ch\/index.php?rest_route=\/wp\/v2\/pages"}],"about":[{"href":"https:\/\/www.pinosinvest.ch\/index.php?rest_route=\/wp\/v2\/types\/page"}],"author":[{"embeddable":true,"href":"https:\/\/www.pinosinvest.ch\/index.php?rest_route=\/wp\/v2\/users\/1"}],"replies":[{"embeddable":true,"href":"https:\/\/www.pinosinvest.ch\/index.php?rest_route=%2Fwp%2Fv2%2Fcomments&post=8"}],"version-history":[{"count":58,"href":"https:\/\/www.pinosinvest.ch\/index.php?rest_route=\/wp\/v2\/pages\/8\/revisions"}],"predecessor-version":[{"id":82,"href":"https:\/\/www.pinosinvest.ch\/index.php?rest_route=\/wp\/v2\/pages\/8\/revisions\/82"}],"wp:attachment":[{"href":"https:\/\/www.pinosinvest.ch\/index.php?rest_route=%2Fwp%2Fv2%2Fmedia&parent=8"}],"curies":[{"name":"wp","href":"https:\/\/api.w.org\/{rel}","templated":true}]}}